{"id":12,"date":"2023-10-14T01:59:58","date_gmt":"2023-10-14T08:59:58","guid":{"rendered":"http:\/\/impreza.us-themes.net\/pages\/about\/"},"modified":"2026-04-12T05:43:56","modified_gmt":"2026-04-12T05:43:56","slug":"um","status":"publish","type":"page","link":"https:\/\/old.damao-tech.com\/de\/um\/","title":{"rendered":"\u00dcber uns"},"content":{"rendered":"<h2 class=\"wp-block-heading has-text-align-center\">Wer wir sind \uff1f<\/h2>\n\n\n\n<h3 class=\"wp-block-heading has-text-align-center has-theme-palette-1-color has-text-color has-link-color wp-elements-3994c801f05df0ed2e8753af4112dad1\"><strong>Suzhou Damao t\u00e4gliche Produkte GmbH<\/strong><\/h3>\n\n\n\n<figure class=\"wp-block-embed aligncenter is-type-rich is-provider-embed-handler wp-block-embed-embed-handler wp-embed-aspect-16-9 wp-has-aspect-ratio\"><div class=\"wp-block-embed__wrapper\">\n<iframe loading=\"lazy\" title=\"Damao Protective -03 #Maschinenhandschuhe #vinylhandschuhe #Fabrikhandschuhe #nitrilhandschuhe #tech #Industriehandschuhe\" width=\"1200\" height=\"675\" src=\"https:\/\/www.youtube.com\/embed\/iWuii_Seo9g?feature=oembed\" frameborder=\"0\" allow=\"accelerometer; autoplay; clipboard-write; encrypted-media; gyroscope; picture-in-picture; web-share\" referrerpolicy=\"strict-origin-when-cross-origin\" allowfullscreen><\/iframe>\n<\/div><\/figure>\n\n\n\n<div style=\"font-family: 'Helvetica Neue', Helvetica, Arial, sans-serif; line-height: 1.8; color: #333333; background-color: #f4f7f6; padding: 30px; border-radius: 10px; box-shadow: 0 4px 12px rgba(0,0,0,0.1);\">\n\n    <h2 style=\"text-align: center; color: #4d94e7; font-size: 32px; margin-bottom: 35px; font-weight: bold; letter-spacing: 1px;\">\n        Entdecken Sie Damao: Ihr Partner f\u00fcr Schutz und Innovation\n    <\/h2>\n\n    <p style=\"font-size: 17px; margin-bottom: 25px; text-align: justify; color: #555555;\">\n        Damao ist ein angesehener und vertrauensw\u00fcrdiger Hersteller und Lieferant von hochwertigen Handschuhen und einer umfassenden Palette von pers\u00f6nlicher Schutzausr\u00fcstung (PSA). Unsere Marke ist <strong style=\"color: #4d94e7;\">weltweit anerkannt<\/strong> f\u00fcr unser unerm\u00fcdliches Engagement bei der Bereitstellung erstklassiger Produkte, innovativer L\u00f6sungen und eines au\u00dfergew\u00f6hnlichen Kundendienstes. Unser Ziel ist es, Menschen in verschiedenen Branchen durch zuverl\u00e4ssige und fortschrittliche Schutzausr\u00fcstung zu sch\u00fctzen.\n    <\/p>\n\n    <div style=\"margin-bottom: 30px; padding: 20px; background-color: #ffffff; border-left: 6px solid #4d94e7; border-radius: 8px; box-shadow: 0 2px 6px rgba(0,0,0,0.05);\">\n        <h3 style=\"color: #4d94e7; font-size: 22px; margin-top: 0; margin-bottom: 15px; font-weight: 600;\">\n            Jahrzehntelange Erfahrung und kompromisslose Qualit\u00e4t\n        <\/h3>\n        <p style=\"font-size: 16px; margin-bottom: 10px; color: #555555; text-align: justify;\">\n            Mit <strong style=\"color: #333;\">jahrzehntelange, fundierte Erfahrung<\/strong> In den Bereichen Arbeitsschutz, Reinigungsdienste, Lebensmitteldienstleistungen, Lebensmittelverarbeitung und Medizin haben wir uns einen tadellosen Ruf f\u00fcr Zuverl\u00e4ssigkeit und Spitzenleistungen erworben. Alle unsere Produkte werden mit gr\u00f6\u00dfter Sorgfalt und unter Einsatz modernster Technologien entwickelt und hergestellt und unterliegen strengen Qualit\u00e4tskontrollen, um sicherzustellen, dass sie die h\u00f6chsten internationalen Standards erf\u00fcllen und \u00fcbertreffen. Dieser Erfahrungsschatz schl\u00e4gt sich direkt in Produkten nieder, auf die Sie sich verlassen k\u00f6nnen.\n        <\/p>\n    <\/div>\n\n    <div style=\"margin-bottom: 30px; padding: 20px; background-color: #ffffff; border-left: 6px solid #4d94e7; border-radius: 8px; box-shadow: 0 2px 6px rgba(0,0,0,0.05);\">\n        <h3 style=\"color: #4d94e7; font-size: 22px; margin-top: 0; margin-bottom: 15px; font-weight: 600;\">\n            Spezialisierte Materialien &amp; Produktfokus\n        <\/h3>\n        <p style=\"font-size: 16px; margin-bottom: 10px; color: #555555; text-align: justify;\">\n            \u00dcber unsere Kern-PPE-Angebote hinaus verf\u00fcgt Damao \u00fcber spezialisierte Expertise in hochentwickelten Materialien. Wir sind im Bereich der Produktion hochleistungsf\u00e4higer <strong style=\"color: #333;\">EVA-Schaum<\/strong> Produkte, die f\u00fcr ihre hervorragende D\u00e4mpfung, Haltbarkeit und Vielseitigkeit bekannt sind. Sie sind Bestandteil von Schutzeinlagen, Anti-Erm\u00fcdungsmatten und verschiedenen speziellen Sicherheitskomponenten.\n        <\/p>\n        <p style=\"font-size: 16px; margin-bottom: 10px; color: #555555; text-align: justify;\">\n            Au\u00dferdem fertigen und liefern wir robuste <strong style=\"color: #333;\">PE-Film<\/strong> L\u00f6sungen. Unsere Polyethylenfolien sind f\u00fcr die unterschiedlichsten Anwendungen konzipiert, von hochbelastbaren Schutzfolien und sicheren Verpackungen bis hin zu kritischen Barrierefolien, die in sterilen und kontrollierten Umgebungen eingesetzt werden und optimalen Schutz und Hygiene gew\u00e4hrleisten.\n        <\/p>\n    <\/div>\n\n    <div style=\"margin-bottom: 30px; padding: 20px; background-color: #ffffff; border-left: 6px solid #4d94e7; border-radius: 8px; box-shadow: 0 2px 6px rgba(0,0,0,0.05);\">\n        <h3 style=\"color: #4d94e7; font-size: 22px; margin-top: 0; margin-bottom: 15px; font-weight: 600;\">\n            Ma\u00dfgeschneiderte L\u00f6sungen und flexibler Service\n        <\/h3>\n        <p style=\"font-size: 16px; margin-bottom: 10px; color: #555555; text-align: justify;\">\n            Wir sind sehr stolz auf unsere F\u00e4higkeit, schnell und flexibel <strong style=\"color: #333;\">unsere Dienstleistungen und Produkte individuell gestalten<\/strong> um die genauen und einzigartigen Bed\u00fcrfnisse jedes Kunden zu erf\u00fcllen. Ganz gleich, ob Sie einen kleinen Spezialauftrag oder eine ganze Container- oder Lkw-Ladung ben\u00f6tigen, unsere operative Kapazit\u00e4t gew\u00e4hrleistet, dass wir p\u00fcnktlich liefern und Ihre Erwartungen stets \u00fcbertreffen k\u00f6nnen, um einen wirklich ma\u00dfgeschneiderten Service zu bieten.\n        <\/p>\n    <\/div>\n\n    <div style=\"margin-bottom: 30px; padding: 20px; background-color: #ffffff; border-left: 6px solid #4d94e7; border-radius: 8px; box-shadow: 0 2px 6px rgba(0,0,0,0.05);\">\n        <h3 style=\"color: #4d94e7; font-size: 22px; margin-top: 0; margin-bottom: 15px; font-weight: 600;\">\n            Wegweisende Innovation und nachhaltige Praktiken\n        <\/h3>\n        <p style=\"font-size: 16px; margin-bottom: 10px; color: #555555; text-align: justify;\">\n            Wir bei Damao wissen genau, wie wichtig es ist, in einem hart umk\u00e4mpften und sich st\u00e4ndig weiterentwickelnden Markt an der Spitze zu bleiben. Deshalb haben wir <strong style=\"color: #333;\">kontinuierliche Innovation und erhebliche Investitionen in Forschung und Entwicklung<\/strong>. Unser Ziel ist es, wirklich hochmoderne PSA-Produkte anzubieten, die nicht nur hervorragenden Schutz, sondern auch mehr Komfort und Benutzerfreundlichkeit bieten.\n        <\/p>\n        <p style=\"font-size: 16px; margin-bottom: 10px; color: #555555; text-align: justify;\">\n            Unser Engagement f\u00fcr Innovation erstreckt sich auch auf die Verantwortung f\u00fcr die Umwelt. Wir integrieren aktiv fortschrittliche <strong style=\"color: #333;\">Recycling-Maschine<\/strong> Technologie in unsere Fertigungsprozesse ein. Dadurch k\u00f6nnen wir Abf\u00e4lle minimieren, eine Kreislaufwirtschaft f\u00f6rdern, indem wir Materialien wo m\u00f6glich wiederverwenden, und eine nachhaltigere Produktauswahl anbieten und so unseren gemeinsamen \u00f6kologischen Fu\u00dfabdruck verringern.\n        <\/p>\n    <\/div>\n\n    <div style=\"text-align: center; padding: 25px; background-color: #e0f0ff; border: 1px solid #4d94e7; border-radius: 8px; margin-top: 35px; box-shadow: 0 2px 6px rgba(77, 148, 231, 0.2);\">\n        <h3 style=\"color: #3a75c4; font-size: 22px; margin-top: 0; margin-bottom: 15px; font-weight: 600;\">\n            Unser bleibendes Versprechen an Sie\n        <\/h3>\n        <p style=\"font-size: 17px; color: #333333; margin-bottom: 15px;\">\n            Unser Engagement f\u00fcr unsere Kunden ist absolut und unersch\u00fctterlich. Wir glauben fest an den Aufbau und die Pflege dauerhafter Partnerschaften, die auf einem Fundament von gegenseitigem Vertrauen, Transparenz und tiefem Respekt beruhen.\n        <\/p>\n        <p style=\"font-size: 18px; font-weight: bold; color: #4d94e7; margin-bottom: 0;\">\n            W\u00e4hlen Sie Damao f\u00fcr Ihren gesamten Bedarf an PSA und Spezialmaterial. Erleben Sie den tiefen Seelenfrieden, der sich aus der Zusammenarbeit mit einem Unternehmen ergibt, das Ihre Sicherheit, Qualit\u00e4t und Zufriedenheit konsequent in den Mittelpunkt seiner T\u00e4tigkeit stellt.\n        <\/p>\n    <\/div>\n<\/div>\n\n\n\n<p><\/p>","protected":false},"excerpt":{"rendered":"<p>Who We Are \uff1f Suzhou Damao daily products Co., LTD Discover Damao: Your Partner in Protection &#038; Innovation Damao is a distinguished and trusted manufacturer and supplier of premium-quality gloves and a comprehensive range of personal protective equipment (PPE). Our brand is globally recognised for an unwavering commitment to delivering first-rate products, innovative solutions, and &#8230; <a title=\"\u00dcber uns\" class=\"read-more\" href=\"https:\/\/old.damao-tech.com\/de\/um\/\" aria-label=\"Mehr Informationen \u00fcber About Us\">Mehr lesen<\/a><\/p>","protected":false},"author":2,"featured_media":0,"parent":0,"menu_order":0,"comment_status":"closed","ping_status":"closed","template":"","meta":{"footnotes":""},"class_list":["post-12","page","type-page","status-publish"],"_links":{"self":[{"href":"https:\/\/old.damao-tech.com\/de\/wp-json\/wp\/v2\/pages\/12","targetHints":{"allow":["GET"]}}],"collection":[{"href":"https:\/\/old.damao-tech.com\/de\/wp-json\/wp\/v2\/pages"}],"about":[{"href":"https:\/\/old.damao-tech.com\/de\/wp-json\/wp\/v2\/types\/page"}],"author":[{"embeddable":true,"href":"https:\/\/old.damao-tech.com\/de\/wp-json\/wp\/v2\/users\/2"}],"replies":[{"embeddable":true,"href":"https:\/\/old.damao-tech.com\/de\/wp-json\/wp\/v2\/comments?post=12"}],"version-history":[{"count":1,"href":"https:\/\/old.damao-tech.com\/de\/wp-json\/wp\/v2\/pages\/12\/revisions"}],"predecessor-version":[{"id":10260,"href":"https:\/\/old.damao-tech.com\/de\/wp-json\/wp\/v2\/pages\/12\/revisions\/10260"}],"wp:attachment":[{"href":"https:\/\/old.damao-tech.com\/de\/wp-json\/wp\/v2\/media?parent=12"}],"curies":[{"name":"wp","href":"https:\/\/api.w.org\/{rel}","templated":true}]}}