{"id":9153,"date":"2025-03-17T05:31:03","date_gmt":"2025-03-17T05:31:03","guid":{"rendered":"https:\/\/old.damao-tech.com\/cart\/"},"modified":"2025-03-17T05:44:03","modified_gmt":"2025-03-17T05:44:03","slug":"chariot","status":"publish","type":"page","link":"https:\/\/old.damao-tech.com\/fr\/chariot\/","title":{"rendered":"Panier"},"content":{"rendered":"<div data-block-name=\"woocommerce\/cart\" class=\"wp-block-woocommerce-cart alignwide is-loading\">\n<div data-block-name=\"woocommerce\/filled-cart-block\" class=\"wp-block-woocommerce-filled-cart-block\">\n<div data-block-name=\"woocommerce\/cart-items-block\" class=\"wp-block-woocommerce-cart-items-block\">\n<div data-block-name=\"woocommerce\/cart-line-items-block\" class=\"wp-block-woocommerce-cart-line-items-block\"><\/div>\n\n\n\n<div data-block-name=\"woocommerce\/cart-cross-sells-block\" class=\"wp-block-woocommerce-cart-cross-sells-block\">\n<h2 class=\"wp-block-heading has-large-font-size\">Vous pourriez \u00eatre int\u00e9ress\u00e9 par\u2026<\/h2>\n\n\n\n<div data-block-name=\"woocommerce\/cart-cross-sells-products-block\" class=\"wp-block-woocommerce-cart-cross-sells-products-block\"><\/div>\n<\/div>\n<\/div>\n\n\n\n<div data-block-name=\"woocommerce\/cart-totals-block\" class=\"wp-block-woocommerce-cart-totals-block\">\n<div data-block-name=\"woocommerce\/cart-order-summary-block\" class=\"wp-block-woocommerce-cart-order-summary-block\">\n<div data-block-name=\"woocommerce\/cart-order-summary-heading-block\" class=\"wp-block-woocommerce-cart-order-summary-heading-block\"><\/div><div data-block-name=\"woocommerce\/cart-order-summary-coupon-form-block\" class=\"wp-block-woocommerce-cart-order-summary-coupon-form-block\"><\/div><div data-block-name=\"woocommerce\/cart-order-summary-totals-block\" class=\"wp-block-woocommerce-cart-order-summary-totals-block\">\n<div data-block-name=\"woocommerce\/cart-order-summary-subtotal-block\" class=\"wp-block-woocommerce-cart-order-summary-subtotal-block\"><\/div>\n<div data-block-name=\"woocommerce\/cart-order-summary-discount-block\" class=\"wp-block-woocommerce-cart-order-summary-discount-block\"><\/div>\n<div data-block-name=\"woocommerce\/cart-order-summary-fee-block\" class=\"wp-block-woocommerce-cart-order-summary-fee-block\"><\/div>\n<div data-block-name=\"woocommerce\/cart-order-summary-shipping-block\" class=\"wp-block-woocommerce-cart-order-summary-shipping-block\"><\/div>\n<div data-block-name=\"woocommerce\/cart-order-summary-taxes-block\" class=\"wp-block-woocommerce-cart-order-summary-taxes-block\"><\/div><\/div>\n<\/div>\n\n\n\n<div data-block-name=\"woocommerce\/cart-express-payment-block\" class=\"wp-block-woocommerce-cart-express-payment-block\"><\/div>\n\n\n\n<div data-block-name=\"woocommerce\/proceed-to-checkout-block\" class=\"wp-block-woocommerce-proceed-to-checkout-block\"><\/div>\n\n\n\n<div data-block-name=\"woocommerce\/cart-accepted-payment-methods-block\" class=\"wp-block-woocommerce-cart-accepted-payment-methods-block\"><\/div>\n<\/div>\n<\/div>\n\n\n\n<div data-block-name=\"woocommerce\/empty-cart-block\" class=\"wp-block-woocommerce-empty-cart-block\">\n<h2 class=\"wp-block-heading has-text-align-center with-empty-cart-icon wc-block-cart__empty-cart__title\">Votre panier est actuellement vide !<\/h2>\n\n\n\n<hr class=\"wp-block-separator has-alpha-channel-opacity is-style-dots\"\/>\n\n\n\n<h2 class=\"wp-block-heading has-text-align-center\">Nouveaut\u00e9 en magasin<\/h2>\n\n\n<div data-block-name=\"woocommerce\/product-new\" data-columns=\"4\" data-rows=\"1\" class=\"wc-block-grid wp-block-product-new wp-block-woocommerce-product-new wc-block-product-new has-4-columns\"><ul class=\"wc-block-grid__products\"><li class=\"wc-block-grid__product\">\n\t\t\t\t<a href=\"https:\/\/old.damao-tech.com\/fr\/product\/nitrile-gloves-with-flock-lining-9-inch\/\" class=\"wc-block-grid__product-link\">\n\t\t\t\t\t\n\t\t\t\t\t<div class=\"wc-block-grid__product-image\"><img loading=\"lazy\" decoding=\"async\" width=\"300\" height=\"300\" src=\"https:\/\/old.damao-tech.com\/wp-content\/uploads\/2024\/12\/3281734681068_.pic_hd-300x300.webp\" class=\"attachment-woocommerce_thumbnail size-woocommerce_thumbnail\" alt=\"Gants Damao en nitrile avec doublure floqu\u00e9e, 9 pouces\" srcset=\"https:\/\/old.damao-tech.com\/wp-content\/uploads\/2024\/12\/3281734681068_.pic_hd-300x300.webp 300w, https:\/\/old.damao-tech.com\/wp-content\/uploads\/2024\/12\/3281734681068_.pic_hd-100x100.webp 100w, https:\/\/old.damao-tech.com\/wp-content\/uploads\/2024\/12\/3281734681068_.pic_hd-600x600.webp 600w, https:\/\/old.damao-tech.com\/wp-content\/uploads\/2024\/12\/3281734681068_.pic_hd-1024x1024.webp 1024w, https:\/\/old.damao-tech.com\/wp-content\/uploads\/2024\/12\/3281734681068_.pic_hd-150x150.webp 150w, https:\/\/old.damao-tech.com\/wp-content\/uploads\/2024\/12\/3281734681068_.pic_hd-768x768.webp 768w, https:\/\/old.damao-tech.com\/wp-content\/uploads\/2024\/12\/3281734681068_.pic_hd.webp 1500w\" sizes=\"auto, (max-width: 300px) 100vw, 300px\" \/><\/div>\n\t\t\t\t\t<div class=\"wc-block-grid__product-title\">Gants en Nitrile avec Doublure en Fourrure 9 Pouces<\/div>\n\t\t\t\t<\/a>\n\t\t\t\t<div class=\"wc-block-grid__product-price price\"><\/div>\n\t\t\t\t\n\t\t\t\t<div class=\"wp-block-button wc-block-grid__product-add-to-cart\"><a href=\"https:\/\/old.damao-tech.com\/fr\/product\/nitrile-gloves-with-flock-lining-9-inch\/\" aria-label=\"En savoir plus sur \u201cNitrile Gloves with Flock Lining 9 Inch\u201d\" data-quantity=\"1\" data-product_id=\"10254\" data-product_sku=\"DAMAO-09074\" data-price=\"0\" rel=\"nofollow\" class=\"wp-block-button__link  add_to_cart_button\" data-no-translation=\"\" data-trp-gettext=\"\" data-no-translation-aria-label=\"\">Lire la suite<\/a><\/div>\n\t\t\t<\/li><li class=\"wc-block-grid__product\">\n\t\t\t\t<a href=\"https:\/\/old.damao-tech.com\/fr\/product\/blues-pe-tabliers-jetables-pour-la-preparation-alimentaire-24-x-55-po\/\" class=\"wc-block-grid__product-link\">\n\t\t\t\t\t\n\t\t\t\t\t<div class=\"wc-block-grid__product-image\"><img loading=\"lazy\" decoding=\"async\" width=\"300\" height=\"300\" src=\"https:\/\/old.damao-tech.com\/wp-content\/uploads\/2022\/01\/\u84dd\u8272\u56f4\u88d9-300x300.png\" class=\"attachment-woocommerce_thumbnail size-woocommerce_thumbnail\" alt=\"Tabliers en PE Bleu jetables pour la Pr\u00e9paration Alimentaire 24 x 55 po\" srcset=\"https:\/\/old.damao-tech.com\/wp-content\/uploads\/2022\/01\/\u84dd\u8272\u56f4\u88d9-300x300.png 300w, https:\/\/old.damao-tech.com\/wp-content\/uploads\/2022\/01\/\u84dd\u8272\u56f4\u88d9-100x100.png 100w, https:\/\/old.damao-tech.com\/wp-content\/uploads\/2022\/01\/\u84dd\u8272\u56f4\u88d9-600x600.png 600w, https:\/\/old.damao-tech.com\/wp-content\/uploads\/2022\/01\/\u84dd\u8272\u56f4\u88d9-150x150.png 150w, https:\/\/old.damao-tech.com\/wp-content\/uploads\/2022\/01\/\u84dd\u8272\u56f4\u88d9-768x768.png 768w, https:\/\/old.damao-tech.com\/wp-content\/uploads\/2022\/01\/\u84dd\u8272\u56f4\u88d9.png 1000w\" sizes=\"auto, (max-width: 300px) 100vw, 300px\" \/><\/div>\n\t\t\t\t\t<div class=\"wc-block-grid__product-title\">Tabliers en PE Bleu jetables pour la Pr\u00e9paration Alimentaire 24 x 55 po<\/div>\n\t\t\t\t<\/a>\n\t\t\t\t<div class=\"wc-block-grid__product-price price\"><\/div>\n\t\t\t\t\n\t\t\t\t<div class=\"wp-block-button wc-block-grid__product-add-to-cart\"><a href=\"https:\/\/old.damao-tech.com\/fr\/product\/blues-pe-tabliers-jetables-pour-la-preparation-alimentaire-24-x-55-po\/\" aria-label=\"En savoir plus sur \u201cBlue PE Aprons Disposable Food Prep 24 x 55 in\u201d\" data-quantity=\"1\" data-product_id=\"10253\" data-product_sku=\"DAMAO-08877\" data-price=\"0\" rel=\"nofollow\" class=\"wp-block-button__link  add_to_cart_button\" data-no-translation=\"\" data-trp-gettext=\"\" data-no-translation-aria-label=\"\">Lire la suite<\/a><\/div>\n\t\t\t<\/li><li class=\"wc-block-grid__product\">\n\t\t\t\t<a href=\"https:\/\/old.damao-tech.com\/fr\/product\/boite-a-lunch-biodegradable-pour-lemballage-et-la-livraison-a-domicile\/\" class=\"wc-block-grid__product-link\">\n\t\t\t\t\t\n\t\t\t\t\t<div class=\"wc-block-grid__product-image\"><img loading=\"lazy\" decoding=\"async\" width=\"300\" height=\"300\" src=\"https:\/\/old.damao-tech.com\/wp-content\/uploads\/2024\/06\/Biodegradable-lunch-boxes-02-300x300.webp\" class=\"attachment-woocommerce_thumbnail size-woocommerce_thumbnail\" alt=\"Bo\u00eetes \u00e0 lunch biod\u00e9gradables-02\" srcset=\"https:\/\/old.damao-tech.com\/wp-content\/uploads\/2024\/06\/Biodegradable-lunch-boxes-02-300x300.webp 300w, https:\/\/old.damao-tech.com\/wp-content\/uploads\/2024\/06\/Biodegradable-lunch-boxes-02-100x100.webp 100w, https:\/\/old.damao-tech.com\/wp-content\/uploads\/2024\/06\/Biodegradable-lunch-boxes-02-600x600.webp 600w, https:\/\/old.damao-tech.com\/wp-content\/uploads\/2024\/06\/Biodegradable-lunch-boxes-02-1024x1024.webp 1024w, https:\/\/old.damao-tech.com\/wp-content\/uploads\/2024\/06\/Biodegradable-lunch-boxes-02-150x150.webp 150w, https:\/\/old.damao-tech.com\/wp-content\/uploads\/2024\/06\/Biodegradable-lunch-boxes-02-768x768.webp 768w, https:\/\/old.damao-tech.com\/wp-content\/uploads\/2024\/06\/Biodegradable-lunch-boxes-02.webp 1500w\" sizes=\"auto, (max-width: 300px) 100vw, 300px\" \/><\/div>\n\t\t\t\t\t<div class=\"wc-block-grid__product-title\">Bo\u00eete \u00e0 Lunch Biodegradable en PLA pour l'Emballage et la Livraison \u00e0 Domicile<\/div>\n\t\t\t\t<\/a>\n\t\t\t\t<div class=\"wc-block-grid__product-price price\"><\/div>\n\t\t\t\t\n\t\t\t\t<div class=\"wp-block-button wc-block-grid__product-add-to-cart\"><a href=\"https:\/\/old.damao-tech.com\/fr\/product\/boite-a-lunch-biodegradable-pour-lemballage-et-la-livraison-a-domicile\/\" aria-label=\"En savoir plus sur \u201cPLA Biodegradable Lunch Box for Packing and Takeout\u201d\" data-quantity=\"1\" data-product_id=\"10252\" data-product_sku=\"DAMAO-08866\" data-price=\"0\" rel=\"nofollow\" class=\"wp-block-button__link  add_to_cart_button\" data-no-translation=\"\" data-trp-gettext=\"\" data-no-translation-aria-label=\"\">Lire la suite<\/a><\/div>\n\t\t\t<\/li><li class=\"wc-block-grid__product\">\n\t\t\t\t<a href=\"https:\/\/old.damao-tech.com\/fr\/product\/gants-veterinaires-en-orange-avec-bandes-en-caoutchouc-jetables\/\" class=\"wc-block-grid__product-link\">\n\t\t\t\t\t\n\t\t\t\t\t<div class=\"wc-block-grid__product-image\"><img loading=\"lazy\" decoding=\"async\" width=\"300\" height=\"300\" src=\"https:\/\/old.damao-tech.com\/wp-content\/uploads\/2024\/05\/\u517d\u7528\u957f\u81c2\u624b\u5957\u6a59\u8272-02-300x300.webp\" class=\"attachment-woocommerce_thumbnail size-woocommerce_thumbnail\" alt=\"Gants v\u00e9t\u00e9rinaires jetables orange avec \u00e9lastiques\" srcset=\"https:\/\/old.damao-tech.com\/wp-content\/uploads\/2024\/05\/\u517d\u7528\u957f\u81c2\u624b\u5957\u6a59\u8272-02-300x300.webp 300w, https:\/\/old.damao-tech.com\/wp-content\/uploads\/2024\/05\/\u517d\u7528\u957f\u81c2\u624b\u5957\u6a59\u8272-02-100x100.webp 100w, https:\/\/old.damao-tech.com\/wp-content\/uploads\/2024\/05\/\u517d\u7528\u957f\u81c2\u624b\u5957\u6a59\u8272-02-600x600.webp 600w, https:\/\/old.damao-tech.com\/wp-content\/uploads\/2024\/05\/\u517d\u7528\u957f\u81c2\u624b\u5957\u6a59\u8272-02-1024x1024.webp 1024w, https:\/\/old.damao-tech.com\/wp-content\/uploads\/2024\/05\/\u517d\u7528\u957f\u81c2\u624b\u5957\u6a59\u8272-02-150x150.webp 150w, https:\/\/old.damao-tech.com\/wp-content\/uploads\/2024\/05\/\u517d\u7528\u957f\u81c2\u624b\u5957\u6a59\u8272-02-768x768.webp 768w, https:\/\/old.damao-tech.com\/wp-content\/uploads\/2024\/05\/\u517d\u7528\u957f\u81c2\u624b\u5957\u6a59\u8272-02.webp 1500w\" sizes=\"auto, (max-width: 300px) 100vw, 300px\" \/><\/div>\n\t\t\t\t\t<div class=\"wc-block-grid__product-title\">Gants v\u00e9t\u00e9rinaires orange avec bandes en caoutchouc jetables<\/div>\n\t\t\t\t<\/a>\n\t\t\t\t<div class=\"wc-block-grid__product-price price\"><\/div>\n\t\t\t\t\n\t\t\t\t<div class=\"wp-block-button wc-block-grid__product-add-to-cart\"><a href=\"https:\/\/old.damao-tech.com\/fr\/product\/gants-veterinaires-en-orange-avec-bandes-en-caoutchouc-jetables\/\" aria-label=\"En savoir plus sur \u201cOrange Veterinary Gloves with Rubber Bands Disposable\u201d\" data-quantity=\"1\" data-product_id=\"10251\" data-product_sku=\"DAMAO-08843\" data-price=\"0\" rel=\"nofollow\" class=\"wp-block-button__link  add_to_cart_button\" data-no-translation=\"\" data-trp-gettext=\"\" data-no-translation-aria-label=\"\">Lire la suite<\/a><\/div>\n\t\t\t<\/li><\/ul><\/div><\/div>\n<\/div>","protected":false},"excerpt":{"rendered":"","protected":false},"author":1,"featured_media":0,"parent":0,"menu_order":0,"comment_status":"closed","ping_status":"closed","template":"","meta":{"footnotes":""},"class_list":["post-9153","page","type-page","status-publish"],"_links":{"self":[{"href":"https:\/\/old.damao-tech.com\/fr\/wp-json\/wp\/v2\/pages\/9153","targetHints":{"allow":["GET"]}}],"collection":[{"href":"https:\/\/old.damao-tech.com\/fr\/wp-json\/wp\/v2\/pages"}],"about":[{"href":"https:\/\/old.damao-tech.com\/fr\/wp-json\/wp\/v2\/types\/page"}],"author":[{"embeddable":true,"href":"https:\/\/old.damao-tech.com\/fr\/wp-json\/wp\/v2\/users\/1"}],"replies":[{"embeddable":true,"href":"https:\/\/old.damao-tech.com\/fr\/wp-json\/wp\/v2\/comments?post=9153"}],"version-history":[{"count":0,"href":"https:\/\/old.damao-tech.com\/fr\/wp-json\/wp\/v2\/pages\/9153\/revisions"}],"wp:attachment":[{"href":"https:\/\/old.damao-tech.com\/fr\/wp-json\/wp\/v2\/media?parent=9153"}],"curies":[{"name":"wp","href":"https:\/\/api.w.org\/{rel}","templated":true}]}}